{"id":22,"date":"2024-02-14T09:57:59","date_gmt":"2024-02-14T08:57:59","guid":{"rendered":"https:\/\/icatkonsult.se\/?page_id=22"},"modified":"2024-02-16T13:06:03","modified_gmt":"2024-02-16T12:06:03","slug":"denna-webbsida-ar-under-uppbyggnad","status":"publish","type":"page","link":"http:\/\/icatkonsult.se\/","title":{"rendered":"V\u00e4lkommen"},"content":{"rendered":"\n<p class=\"has-medium-font-size\">iCat Konsult AB \u00e4r ett konsultf\u00f6retag med inriktning p\u00e5 Kontaktledningsteknik inom j\u00e4rnv\u00e4g. Vi har l\u00e5ng erfarenhet inom Underh\u00e5ll, Produktion, Projektering och inom Best\u00e4llarorganisationen.<\/p>\n\n\n\n<p>Vi erbjuder tj\u00e4nster kopplade till j\u00e4rnv\u00e4g inom Kontakt- och Hj\u00e4lpkraftanl\u00e4ggning:<br>&#8211; Specialistst\u00f6d under projektering<br>&#8211; Specialistst\u00f6d under entreprenadupphandling<br>&#8211; Granskning av framtagna handlingar (Beh\u00f6rig granskare enligt TRVINFRA-00160)<br>&#8211; Entreprenad och ibruktagningsbesiktning (Beh\u00f6rig besiktningsman enligt TRVINFRA-00160)<\/p>\n\n\n<div class=\"wp-block-image\">\n<figure class=\"alignright size-full\"><img loading=\"lazy\" decoding=\"async\" width=\"170\" height=\"104\" src=\"http:\/\/icatkonsult.se\/wp-content\/uploads\/2023\/12\/BESKUREN_Brand-initial-Simple-Logo.jpg\" alt=\"\" class=\"wp-image-15\"\/><\/figure>\n<\/div>\n\n\n<p>Kontakt: info@icatkonsult.se<\/p>\n","protected":false},"excerpt":{"rendered":"<p>iCat Konsult AB \u00e4r ett konsultf\u00f6retag med inriktning p\u00e5 Kontaktledningsteknik inom j\u00e4rnv\u00e4g. Vi har l\u00e5ng erfarenhet inom Underh\u00e5ll, Produktion, Projektering och inom Best\u00e4llarorganisationen. Vi erbjuder tj\u00e4nster kopplade till j\u00e4rnv\u00e4g inom Kontakt- och Hj\u00e4lpkraftanl\u00e4ggning:&#8211; Specialistst\u00f6d under projektering&#8211; Specialistst\u00f6d under entreprenadupphandling&#8211; Granskning av framtagna handlingar (Beh\u00f6rig granskare enligt TRVINFRA-00160)&#8211; Entreprenad och ibruktagningsbesiktning (Beh\u00f6rig besiktningsman enligt TRVINFRA-00160) Kontakt: [&hellip;]<\/p>\n","protected":false},"author":1,"featured_media":0,"parent":0,"menu_order":0,"comment_status":"closed","ping_status":"closed","template":"","meta":{"_monsterinsights_skip_tracking":false,"_monsterinsights_sitenote_active":false,"_monsterinsights_sitenote_note":"","_monsterinsights_sitenote_category":0,"footnotes":""},"class_list":["post-22","page","type-page","status-publish","hentry"],"_links":{"self":[{"href":"http:\/\/icatkonsult.se\/index.php?rest_route=\/wp\/v2\/pages\/22","targetHints":{"allow":["GET"]}}],"collection":[{"href":"http:\/\/icatkonsult.se\/index.php?rest_route=\/wp\/v2\/pages"}],"about":[{"href":"http:\/\/icatkonsult.se\/index.php?rest_route=\/wp\/v2\/types\/page"}],"author":[{"embeddable":true,"href":"http:\/\/icatkonsult.se\/index.php?rest_route=\/wp\/v2\/users\/1"}],"replies":[{"embeddable":true,"href":"http:\/\/icatkonsult.se\/index.php?rest_route=%2Fwp%2Fv2%2Fcomments&post=22"}],"version-history":[{"count":6,"href":"http:\/\/icatkonsult.se\/index.php?rest_route=\/wp\/v2\/pages\/22\/revisions"}],"predecessor-version":[{"id":104,"href":"http:\/\/icatkonsult.se\/index.php?rest_route=\/wp\/v2\/pages\/22\/revisions\/104"}],"wp:attachment":[{"href":"http:\/\/icatkonsult.se\/index.php?rest_route=%2Fwp%2Fv2%2Fmedia&parent=22"}],"curies":[{"name":"wp","href":"https:\/\/api.w.org\/{rel}","templated":true}]}}